{"id":241,"date":"2016-07-28T16:17:18","date_gmt":"2016-07-28T14:17:18","guid":{"rendered":"http:\/\/komornik2.test.currenda.pl\/?page_id=241"},"modified":"2022-01-25T09:41:24","modified_gmt":"2022-01-25T08:41:24","slug":"wlasciwosc","status":"publish","type":"page","link":"https:\/\/komornikstargard.org\/?page_id=241","title":{"rendered":"W\u0142a\u015bciwo\u015b\u0107"},"content":{"rendered":"<div id=\"pageContainer4\" class=\"page\" data-loaded=\"true\" data-page-number=\"4\">\n<div class=\"textLayer\">\n<div data-canvas-width=\"14.999999999999998\">Zgodnie z Ustaw\u0105 z dnia 22 marca 2018 r. o komornikach s\u0105dowych<\/div>\n<div data-canvas-width=\"24.999999999999996\">Art. 8.1. Komornik dzia\u0142a na obszarze swojego rewiru, z uwzgl\u0119dnieniem art. 10.<\/div>\n<div data-canvas-width=\"82.77999999999999\">2. Rewirem jest obszar w\u0142a\u015bciwo\u015bci s\u0105du rejonowego, przy kt\u00f3rym dzia\u0142a komornik.<\/div>\n<\/div>\n<\/div>\n<p>Art 10 . Wierzyciel ma prawo wyboru komornika na obszarze w\u0142a\u015bciwo\u015bci s\u0105du apelacyjnego, na kt\u00f3rym znajduje si\u0119 siedziba kancelarii komornika w\u0142a\u015bciwego zgodnie z tym Komornik Rafa\u0142 Norsesowicz jest w\u0142a\u015bciwy do prowadzenia spraw na obszarze w\u0142a\u015bciwo\u015bci<strong>\u00a0 S\u0105du Apelacyjnego w Szczecinie, w szczeg\u00f3lno\u015bci:<\/strong><\/p>\n<div data-canvas-width=\"666.0799999999999\"><i><strong>1. <\/strong>S\u0105du Okr\u0119gowego w Szczecinie obejmuj\u0105cego obszar w\u0142a\u015bciwo\u015bci S\u0105d\u00f3w Rejonowych w Choszcznie, Goleniowie, Gryficach, Gryfinie, Kamieniu Pomorskim, \u0141obzie, My\u015bliborzu, Stargardzie, Szczecinie (S\u0105d Rejonowy Szczecin-Centrum oraz S\u0105d Rejonowy Szczecin-Prawobrze\u017ce i Zach\u00f3d), \u015awinouj\u015bciu.<\/i><\/div>\n<div data-canvas-width=\"666.0799999999999\"><i><strong>2. <\/strong>S\u0105du Okr\u0119gowego w Gorzowie Wlkp. obejmuj\u0105cego obszar w\u0142a\u015bciwo\u015bci S\u0105d\u00f3w Rejonowych w Gorzowie Wlkp., Mi\u0119dzyrzeczu, Strzelcach Kraje\u0144skich, S\u0142ubicach i Sul\u0119cinie.<\/i><\/div>\n<div data-canvas-width=\"666.0799999999999\"><i><strong>3. <\/strong>S\u0105du Okr\u0119gowego w Koszalinie obejmuj\u0105cego obszar w\u0142a\u015bciwo\u015bci S\u0105d\u00f3w Rejonowych w Bia\u0142ogardzie, Drawsku Pomorskim, Ko\u0142obrzegu, Koszalinie, S\u0142awnie, Szczecinku i Wa\u0142czu.<\/i><i> <\/i><\/div>\n<div data-canvas-width=\"666.0799999999999\"><\/div>\n<div data-canvas-width=\"666.0799999999999\"><strong>Rewirem Komornika S\u0105dowego Rafa\u0142a Norsesowicza<\/strong> jest obszar w\u0142a\u015bciwo\u015bci S\u0105du Rejonowego w Stargardzie kt\u00f3ry jest w\u0142a\u015bciwy dla:<\/div>\n<div data-canvas-width=\"666.0799999999999\">\u2013 miasta <strong>Stargard, kod pocztowy 73-110,<\/strong><\/div>\n<div data-canvas-width=\"666.0799999999999\">gmin:<\/div>\n<p>Bielice, kod pocztowy 74-202,<br \/>\nChociwel, kod pocztowy 73-120,<br \/>\nDobrzany, kod pocztowy 73-130,<br \/>\nDolice, kod pocztowy 73-115,<br \/>\nI\u0144sko, kod pocztowy 73-140,<br \/>\nKobylanka, kod pocztowy 73-108<br \/>\nKozielice, kod pocztowy 74-204,<br \/>\nLipiany, kod pocztowy 74-240,<br \/>\nMarianowo, kod pocztowy 73-121,<br \/>\nPrzelewice, kod pocztowy 74-210,<br \/>\n<strong>Pyrzyce, kod pocztowy 74-200,<\/strong><br \/>\nStara D\u0105browa, kod pocztowy 73-112,<br \/>\nStargard, kod pocztowy 73-110,<br \/>\nSucha\u0144, kod pocztowy 73-132,<br \/>\nWarnice, kod pocztowy 74-201,<\/p>\n<p>W\/w miasto i gminy obejmuj\u0105 <strong>powiaty stargardzki i pyrzycki<\/strong><\/p>\n","protected":false},"excerpt":{"rendered":"<p>Zgodnie z Ustaw\u0105 z dnia 22 marca 2018 r. o komornikach s\u0105dowych Art. 8.1. Komornik dzia\u0142a na obszarze swojego rewiru, z uwzgl\u0119dnieniem art. 10. 2. Rewirem jest obszar w\u0142a\u015bciwo\u015bci s\u0105du rejonowego, przy kt\u00f3rym dzia\u0142a komornik. Art 10 . Wierzyciel ma prawo wyboru komornika na obszarze w\u0142a\u015bciwo\u015bci s\u0105du apelacyjnego, na kt\u00f3rym znajduje si\u0119 siedziba kancelarii komornika w\u0142a\u015bciwego zgodnie z tym Komornik Rafa\u0142 Norsesowicz jest w\u0142a\u015bciwy do prowadzenia spraw na obszarze w\u0142a\u015bciwo\u015bci\u00a0 S\u0105du Apelacyjnego w Szczecinie, w szczeg\u00f3lno\u015bci: 1. S\u0105du Okr\u0119gowego w [&hellip;]<\/p>\n","protected":false},"author":2,"featured_media":0,"parent":0,"menu_order":0,"comment_status":"open","ping_status":"open","template":"","meta":{"footnotes":""},"class_list":["post-241","page","type-page","status-publish","hentry"],"_links":{"self":[{"href":"https:\/\/komornikstargard.org\/index.php?rest_route=\/wp\/v2\/pages\/241","targetHints":{"allow":["GET"]}}],"collection":[{"href":"https:\/\/komornikstargard.org\/index.php?rest_route=\/wp\/v2\/pages"}],"about":[{"href":"https:\/\/komornikstargard.org\/index.php?rest_route=\/wp\/v2\/types\/page"}],"author":[{"embeddable":true,"href":"https:\/\/komornikstargard.org\/index.php?rest_route=\/wp\/v2\/users\/2"}],"replies":[{"embeddable":true,"href":"https:\/\/komornikstargard.org\/index.php?rest_route=%2Fwp%2Fv2%2Fcomments&post=241"}],"version-history":[{"count":18,"href":"https:\/\/komornikstargard.org\/index.php?rest_route=\/wp\/v2\/pages\/241\/revisions"}],"predecessor-version":[{"id":1602,"href":"https:\/\/komornikstargard.org\/index.php?rest_route=\/wp\/v2\/pages\/241\/revisions\/1602"}],"wp:attachment":[{"href":"https:\/\/komornikstargard.org\/index.php?rest_route=%2Fwp%2Fv2%2Fmedia&parent=241"}],"curies":[{"name":"wp","href":"https:\/\/api.w.org\/{rel}","templated":true}]}}