{"id":1479,"date":"2018-07-31T09:01:48","date_gmt":"2018-07-31T07:01:48","guid":{"rendered":"http:\/\/komornikstargard.org\/?page_id=1479"},"modified":"2026-03-23T13:38:02","modified_gmt":"2026-03-23T12:38:02","slug":"oferta-zatrudnienia","status":"publish","type":"page","link":"https:\/\/komornikstargard.org\/?page_id=1479","title":{"rendered":"Oferta zatrudnienia"},"content":{"rendered":"<p>Osoby zainteresowane praca na stanowisku pracownik biurowy proszone s\u0105 o kontakt\u00a0 \u00a0e-mail biuro@komornikstargard.org<\/p>\n<p>Wymagania wykszta\u0142cenie wy\u017csze,\u00a0 bieg\u0142a obs\u0142uga komputera i program\u00f3w\u00a0 biurowych , mile widziane do\u015bwiadczenie w pracy w kancelarii komorniczej<\/p>\n<p>&nbsp;<\/p>\n","protected":false},"excerpt":{"rendered":"<p>Osoby zainteresowane praca na stanowisku pracownik biurowy proszone s\u0105 o kontakt\u00a0 \u00a0e-mail biuro@komornikstargard.org Wymagania wykszta\u0142cenie wy\u017csze,\u00a0 bieg\u0142a obs\u0142uga komputera i program\u00f3w\u00a0 biurowych , mile widziane do\u015bwiadczenie w pracy w kancelarii komorniczej &nbsp;<\/p>\n","protected":false},"author":2,"featured_media":0,"parent":0,"menu_order":0,"comment_status":"closed","ping_status":"closed","template":"","meta":{"footnotes":""},"class_list":["post-1479","page","type-page","status-publish","hentry"],"_links":{"self":[{"href":"https:\/\/komornikstargard.org\/index.php?rest_route=\/wp\/v2\/pages\/1479","targetHints":{"allow":["GET"]}}],"collection":[{"href":"https:\/\/komornikstargard.org\/index.php?rest_route=\/wp\/v2\/pages"}],"about":[{"href":"https:\/\/komornikstargard.org\/index.php?rest_route=\/wp\/v2\/types\/page"}],"author":[{"embeddable":true,"href":"https:\/\/komornikstargard.org\/index.php?rest_route=\/wp\/v2\/users\/2"}],"replies":[{"embeddable":true,"href":"https:\/\/komornikstargard.org\/index.php?rest_route=%2Fwp%2Fv2%2Fcomments&post=1479"}],"version-history":[{"count":3,"href":"https:\/\/komornikstargard.org\/index.php?rest_route=\/wp\/v2\/pages\/1479\/revisions"}],"predecessor-version":[{"id":1707,"href":"https:\/\/komornikstargard.org\/index.php?rest_route=\/wp\/v2\/pages\/1479\/revisions\/1707"}],"wp:attachment":[{"href":"https:\/\/komornikstargard.org\/index.php?rest_route=%2Fwp%2Fv2%2Fmedia&parent=1479"}],"curies":[{"name":"wp","href":"https:\/\/api.w.org\/{rel}","templated":true}]}}