{"id":1469,"date":"2018-06-13T15:38:14","date_gmt":"2018-06-13T13:38:14","guid":{"rendered":"http:\/\/komornikstargard.org\/?page_id=1469"},"modified":"2018-06-13T15:38:14","modified_gmt":"2018-06-13T13:38:14","slug":"rodo","status":"publish","type":"page","link":"https:\/\/komornikstargard.org\/?page_id=1469","title":{"rendered":"RODO"},"content":{"rendered":"<p>Obowi\u0105zek informacyjny w zakresie przetwarzania danych osobowych (RODO)<br \/>\nI. Administrator danych osobowych, jakim jest Komornik S\u0105dowy przy S\u0105dzie Rejonowym w Stargardzie Rafa\u0142 Norsesowicz Kancelaria Komornicza w Stargardzie,\u00a0informuje niniejszym, \u017ce przetwarza dane osobowe w celu przeprowadzenia post\u0119powania egzekucyjnego, post\u0119powania zabezpieczaj\u0105cego oraz wykonania innych ustawowych obowi\u0105zk\u00f3w w sprawach prowadzonych w Kancelarii\u00a0 i czyni to na podstawie art. 2 ust. 3 ustawy o komornikach s\u0105dowych i egzekucji oraz przepis\u00f3w kpc i przepis\u00f3w o biurowo\u015bci kancelarii komornika a tak\u017ce w celu wykonania zada\u0144, okre\u015blonych w tych przepisach i obejmuj\u0105cych prowadzenie urz\u0105dze\u0144 ewidencyjnych kancelarii komornika oraz dokumentowanie przebiegu egzekucji; ponadto dane s\u0105 przetwarzane w zakresie odpowiedniego funkcjonowania Kancelarii (dostawcy towar\u00f3w i us\u0142ug).\u00a0 Po zako\u0144czeniu post\u0119powania dane osobowe b\u0119d\u0105 przetwarzane do cel\u00f3w archiwalnych na podstawie art. 37a ustawy o komornikach s\u0105dowych i egzekucji oraz przepis\u00f3w rozporz\u0105dzenia Ministra Sprawiedliwo\u015bci z dnia 7 pa\u017adziernika 2011 r.\u00a0w sprawie przechowywania akt spraw komorniczych oraz zamkni\u0119tych urz\u0105dze\u0144\u00a0ewidencyjnych (podstawa z art.6 ust.1 lit.c , art.6 ust.1 lit.e RODO).<br \/>\nII. Odbiorcy danych<br \/>\nDane osobowe mog\u0105 by\u0107 udost\u0119pniane osobom, podmiotom i instytucj\u0105 wymienionym w przepisach ustawy o komornikach s\u0105dowych i egzekucji, kodeksu post\u0119powania cywilnego i w innych aktach prawnych reguluj\u0105cych czynno\u015bci wykonywane przez komornika s\u0105dowego oraz w zakresie niezb\u0119dnym do prawid\u0142owego funkcjonowania Kancelarii osobom i podmiotom zapewniaj\u0105cym, na podstawie w\u0142a\u015bciwych um\u00f3w, obs\u0142ug\u0119 Kancelarii.<br \/>\nIII. Przekazywanie danych do pa\u0144stw trzecich lub organizacji mi\u0119dzynarodowych<br \/>\nDane Pani\/Pana nie s\u0105 przekazywane poza teren Polski\/UE\/Europejskiego Obszaru Gospodarczego,<br \/>\nIV. Okres przechowywania danych<br \/>\nDane osobowe przetwarzane s\u0105 do czasu prawomocnego zako\u0144czenia post\u0119powania egzekucyjnego, zabezpieczaj\u0105cego lub post\u0119powania innego rodzaju a po jego zako\u0144czeniu, na podstawie art. 37a ustawy o komornikach s\u0105dowych i egzekucji oraz przepis\u00f3w rozporz\u0105dzenia Ministra Sprawiedliwo\u015bci z dnia 7 pa\u017adziernika 2011 r. w sprawie przechowywania akt spraw komorniczych oraz zamkni\u0119tych urz\u0105dze\u0144 ewidencyjnych przez odpowiedni okres wymieniony w przepisach. W zakresie dostawc\u00f3w us\u0142ug i towar\u00f3w dane osobowe s\u0105 przechowywane w okresie przewidzianym w przepisach skarbowych.<br \/>\nV. Prawa osoby, kt\u00f3rej dane s\u0105 przetwarzane:<br \/>\nOsobie fizycznej, kt\u00f3rej dane s\u0105 przetwarzane przys\u0142uguje:<br \/>\na) prawo dost\u0119pu do swoich danych oraz otrzymania ich kopii,<br \/>\nb) prawo do sprostowania (poprawiania) swoich danych,<br \/>\nc) prawo do usuni\u0119cia danych (osoba, kt\u00f3rej zdaniem nie ma podstaw do przetwarzania jej danych, mo\u017ce za\u017c\u0105da\u0107, aby zosta\u0142y usuni\u0119te),<br \/>\nd) ograniczenia przetwarzania danych (osoba mo\u017ce za\u017c\u0105da\u0107 ograniczenia przetwarzanie danych osobowych wy\u0142\u0105cznie do ich przechowywania lub wykonywania uzgodnionych dzia\u0142a\u0144, je\u017celi jej zdaniem dane przetwarzane s\u0105 nieprawid\u0142owe lub nie ma podstawy prawnej do ich przetwarzania; osoba\u00a0mo\u017ce domaga\u0107 si\u0119 aby nieprawid\u0142owe lub bezpodstawnie przetwarzane dane nie zosta\u0142y usuni\u0119te bo s\u0105 potrzebne do ustalenia, dochodzenia lub obrony roszcze\u0144 lub na czas wniesionego sprzeciwu wzgl\u0119dem przetwarzania danych),<br \/>\ne)\u00a0prawo do wniesienia skargi do organu nadzorczego\u00a0 (je\u017celi osoba uwa\u017ca, \u017ce dane s\u0105 przetwarzane niezgodnie z prawem, mo\u017ce z\u0142o\u017cy\u0107 w tej sprawie skarg\u0119 do Prezesa Urz\u0119du Ochrony Danych Osobowych lub innego w\u0142a\u015bciwego organu),<br \/>\nf)\u00a0prawo do wniesienia sprzeciwu wobec przetwarzania danych (sprzeciw z uwagi na szczeg\u00f3ln\u0105 sytuacj\u0119 \u2013 osoba, kt\u00f3rej dane s\u0105 przetwarzane ma\u00a0tak\u017ce prawo sprzeciwu wobec przetwarzania swoich danych przez komornika; w celu wywo\u0142ania skutk\u00f3w prawnych sprzeciwu nale\u017cy wykaza\u0107\u00a0swoj\u0105 szczeg\u00f3ln\u0105 sytuacj\u0119, kt\u00f3ra zdaniem autora sprzeciwu uzasadnia zaprzestanie przez komornika przetwarzania obj\u0119tego sprzeciwem; komornik przestanie przetwarza\u0107\u00a0 dane osobowe, chyba \u017ce wyka\u017ce, \u017ce podstawy przetwarzania przez niego tych danych s\u0105 nadrz\u0119dne wobec praw tej osoby lub \u017ce\u00a0dane s\u0105 mu niezb\u0119dne do ustalenia, dochodzenia lub obrony roszcze\u0144).<br \/>\nW celu wykonania swoich praw nale\u017cy skierowa\u0107 \u017c\u0105danie pod adres e-mail: biuro@komornikstargard.org\u00a0lub z\u0142o\u017cy\u0107 albo przes\u0142a\u0107 \u017c\u0105danie pisemnie do kancelarii administratora: Kancelaria Komornika S\u0105dowego przy S\u0105dzie Rejonowym w Stargardzie Rafa\u0142a Norsesowicza, 73-110 Stargard, ul. Mickiewicza 1B\/1.<br \/>\nVI. Informacja o wymogu\/dobrowolno\u015bci podania danych<br \/>\nPodanie danych przez stron\u0119 post\u0119powania, uczestnika post\u0119powania i inne osoby fizyczne, kt\u00f3re przez komornika zosta\u0142y wezwane jest:<br \/>\n\u2022 wymogiem ustawowym wynikaj\u0105cym z art. 801(1) kpc. Za z\u0142o\u017cenie fa\u0142szywego o\u015bwiadczenia d\u0142u\u017cnik ponosi odpowiedzialno\u015b\u0107 karn\u0105 a w razie niez\u0142o\u017cenia wykazu maj\u0105tku wierzyciel mo\u017ce zleci\u0107 komornikowi poszukiwanie maj\u0105tku d\u0142u\u017cnika, ponadto przepisy art. 913 \u00a7 1, art. 916, art. 917, art. 918(1), art. 919 oraz art. 1053 \u00a7 2 kpc stosuje si\u0119 odpowiednio, z tym \u017ce postanowienie o ukaraniu d\u0142u\u017cnika grzywn\u0105 wydaje komornik. O przymusowym doprowadzeniu d\u0142u\u017cnika albo zastosowaniu aresztu nieprzekraczaj\u0105cego miesi\u0105ca orzeka s\u0105d na wniosek komornika;<br \/>\n\u2022 wymogiem ustawowym wynikaj\u0105cym z przepisu art. 761 \u00a7 1 i 2 kpc, art. 126 w zw. z art 13 \u00a7 2 kpc oraz art. 809 i innych kpc oraz art. 2 ust. 5 ustawy o komornikach s\u0105dowych i egzekucji. Niepodanie danych w odpowiedzi na wezwanie komornika z art. 761 kpc mo\u017ce zosta\u0107 ukarane grzywn\u0105 do 2000 z\u0142. W innych przypadkach mo\u017ce skutkowa\u0107 pomini\u0119ciem praw w toku egzekucji lub nie zrodzi\u0107 \u017cadnych skutk\u00f3w, poza odnotowaniem odmowy podania danych w protokole z czynno\u015bci.<br \/>\nVII. Informacja o \u017ar\u00f3dle danych<br \/>\nInformacje\u00a0 zbierane s\u0105 w zgodzie z przepisami kpc tak\u017ce od innych ni\u017c d\u0142u\u017cnik podmiot\u00f3w ( okre\u015blonych w art.761 kpc, a tak\u017ce od wierzyciela, \u015bwiadk\u00f3w czynno\u015bci, domownik\u00f3w d\u0142u\u017cnika itd.), informacje te pozyskiwane s\u0105 w oparciu o wyra\u017ane uregulowania prawne, kt\u00f3rym podlega komornik s\u0105dowy, z tego wzgl\u0119du komornik nie jest zwi\u0105zany obowi\u0105zkiem udzielenia informacji o jakim mowa jest w art. 14 rozporz\u0105dzenia og\u00f3lnego (RODO).<\/p>\n","protected":false},"excerpt":{"rendered":"<p>Obowi\u0105zek informacyjny w zakresie przetwarzania danych osobowych (RODO) I. Administrator danych osobowych, jakim jest Komornik S\u0105dowy przy S\u0105dzie Rejonowym w Stargardzie Rafa\u0142 Norsesowicz Kancelaria Komornicza w Stargardzie,\u00a0informuje niniejszym, \u017ce przetwarza dane osobowe w celu przeprowadzenia post\u0119powania egzekucyjnego, post\u0119powania zabezpieczaj\u0105cego oraz wykonania innych ustawowych obowi\u0105zk\u00f3w w sprawach prowadzonych w Kancelarii\u00a0 i czyni to na podstawie art. 2 ust. 3 ustawy o komornikach s\u0105dowych i egzekucji oraz przepis\u00f3w kpc i przepis\u00f3w o biurowo\u015bci kancelarii komornika a tak\u017ce w celu wykonania zada\u0144, okre\u015blonych [&hellip;]<\/p>\n","protected":false},"author":2,"featured_media":0,"parent":0,"menu_order":0,"comment_status":"closed","ping_status":"closed","template":"","meta":{"footnotes":""},"class_list":["post-1469","page","type-page","status-publish","hentry"],"_links":{"self":[{"href":"https:\/\/komornikstargard.org\/index.php?rest_route=\/wp\/v2\/pages\/1469","targetHints":{"allow":["GET"]}}],"collection":[{"href":"https:\/\/komornikstargard.org\/index.php?rest_route=\/wp\/v2\/pages"}],"about":[{"href":"https:\/\/komornikstargard.org\/index.php?rest_route=\/wp\/v2\/types\/page"}],"author":[{"embeddable":true,"href":"https:\/\/komornikstargard.org\/index.php?rest_route=\/wp\/v2\/users\/2"}],"replies":[{"embeddable":true,"href":"https:\/\/komornikstargard.org\/index.php?rest_route=%2Fwp%2Fv2%2Fcomments&post=1469"}],"version-history":[{"count":1,"href":"https:\/\/komornikstargard.org\/index.php?rest_route=\/wp\/v2\/pages\/1469\/revisions"}],"predecessor-version":[{"id":1470,"href":"https:\/\/komornikstargard.org\/index.php?rest_route=\/wp\/v2\/pages\/1469\/revisions\/1470"}],"wp:attachment":[{"href":"https:\/\/komornikstargard.org\/index.php?rest_route=%2Fwp%2Fv2%2Fmedia&parent=1469"}],"curies":[{"name":"wp","href":"https:\/\/api.w.org\/{rel}","templated":true}]}}