{"id":11,"date":"2014-01-27T20:01:09","date_gmt":"2014-01-27T19:01:09","guid":{"rendered":"http:\/\/fryli.nazwa.pl\/serwer\/starzonek\/?page_id=11"},"modified":"2021-01-17T12:05:40","modified_gmt":"2021-01-17T11:05:40","slug":"wybor-komornika","status":"publish","type":"page","link":"https:\/\/komornikstargard.org\/?page_id=11","title":{"rendered":"Informacje"},"content":{"rendered":"<p>Zgodnie z Ustaw\u0105 z dnia 22 marca 2018r. o komornikach s\u0105dowych<\/p>\n<div data-canvas-width=\"150.72\">Art. 2. 1. Komornik jest funkcjonariuszem publicznym dzia\u0142aj\u0105cym przy s\u0105dzie rejonowym.<\/div>\n<div id=\"pageContainer2\" class=\"page\" data-loaded=\"true\" data-page-number=\"2\">\n<div class=\"textLayer\">\n<div data-canvas-width=\"34.86000000000001\"><\/div>\n<div data-canvas-width=\"14.999999999999998\">Art. 3.1.<\/div>\n<div data-canvas-width=\"56.319999999999986\">Komornik jest organem w\u0142adzy publicznej w zakresie wykonywania czynno\u015bci w post\u0119powaniu egzekucyjnym i<\/div>\n<div data-canvas-width=\"155.66000000000003\">zabezpieczaj\u0105cym.<\/div>\n<div data-canvas-width=\"79.2\">Czynno\u015bci te wykonuje komornik, z uwzgl\u0119dnieniem wyj\u0105tk\u00f3w przewidzianych w ustawach.<\/div>\n<div data-canvas-width=\"91.6\">2. Czynno\u015bci w post\u0119powaniu egzekucyjnym i zabezpieczaj\u0105cym oraz inne ustawowe zadania komornik wykonuje osobi\u015bcie. W przypadkach przewidzianych w ustawach komornik mo\u017ce zleci\u0107 wykonywanie okre\u015blonych czynno\u015bci asesorowi komorniczemu, zwanemu dalej \u201easesorem\u201d. Zlecenie wykonywania tych czynno\u015bci jest dopuszczalne jedynie w celu przygotowania do wykonywania zawodu komornika.<\/div>\n<div data-canvas-width=\"164.9\">3. Komornikom powierza si\u0119 nast\u0119puj\u0105ce zadania:<\/div>\n<div data-canvas-width=\"243.7\">1) wykonywanie orzecze\u0144 s\u0105dowych w sprawach o roszczenia pieni\u0119\u017cne i niepieni\u0119\u017cne oraz zabezpieczenie roszcze\u0144, w tym europejskich nakaz\u00f3w zabezpieczenia na rachunku bankowym, z uwzgl\u0119dnieniem wyj\u0105tk\u00f3w przewidzianych w ustawie z dnia 17 listopada 1964 r. Kodeks post\u0119powania cywilnego<\/div>\n<div data-canvas-width=\"243.7\">2) wykonywanie innych tytu\u0142\u00f3w wykonawczych oraz tytu\u0142\u00f3w egzekucyjnych, kt\u00f3re podlegaj\u0105 wykonaniu w<\/div>\n<div data-canvas-width=\"92.47999999999999\">drodze egzekucji s\u0105dowej bez zaopatrywania ich w klauzul\u0119 wykonalno\u015bci;<\/div>\n<div data-canvas-width=\"93.14\">3) wykonywanie postanowie\u0144 o zabezpieczeniu spadku lub sporz\u0105dzanie spisu inwentarza;<\/div>\n<div data-canvas-width=\"138.92\">4) wykonywanie zada\u0144 okre\u015blonych w innych ustawach.<\/div>\n<\/div>\n<\/div>\n<div data-canvas-width=\"14.999999999999998\">4.<\/div>\n<div data-canvas-width=\"85.29999999999998\">Komornik, poza zadaniami okre\u015blonymi w ust.3, wykonuje nast\u0119puj\u0105ce czynno\u015bci:<\/div>\n<div data-canvas-width=\"456.67999999999995\">1)na zlecenie s\u0105du osobi\u015bcie dor\u0119cza bezpo\u015brednio adresatowi zawiadomienia<\/div>\n<div data-canvas-width=\"149.10000000000002\">s\u0105dowe, pisma procesowe oraz inne dokumenty s\u0105dowe za potwierdzeniem odbioru i oznaczeniem daty;<\/div>\n<div data-canvas-width=\"308.02000000000004\">2) sporz\u0105dza protok\u00f3\u0142 stanu faktycznego;<\/div>\n<div data-canvas-width=\"378.84\">3) na wniosek organizatora licytacji \u2013 sprawuje urz\u0119dowy nadz\u00f3r nad dobrowolnymi publicznymi licytacjami, z<\/div>\n<div data-canvas-width=\"146.32\">przybiciem najni\u017cszej lub najwy\u017cszej oferty.<\/div>\n","protected":false},"excerpt":{"rendered":"<p>Zgodnie z Ustaw\u0105 z dnia 22 marca 2018r. o komornikach s\u0105dowych Art. 2. 1. Komornik jest funkcjonariuszem publicznym dzia\u0142aj\u0105cym przy s\u0105dzie rejonowym. Art. 3.1. Komornik jest organem w\u0142adzy publicznej w zakresie wykonywania czynno\u015bci w post\u0119powaniu egzekucyjnym i zabezpieczaj\u0105cym. Czynno\u015bci te wykonuje komornik, z uwzgl\u0119dnieniem wyj\u0105tk\u00f3w przewidzianych w ustawach. 2. Czynno\u015bci w post\u0119powaniu egzekucyjnym i zabezpieczaj\u0105cym oraz inne ustawowe zadania komornik wykonuje osobi\u015bcie. W przypadkach przewidzianych w ustawach komornik mo\u017ce zleci\u0107 wykonywanie okre\u015blonych czynno\u015bci asesorowi komorniczemu, zwanemu dalej \u201easesorem\u201d. Zlecenie wykonywania [&hellip;]<\/p>\n","protected":false},"author":2,"featured_media":0,"parent":0,"menu_order":2,"comment_status":"closed","ping_status":"closed","template":"page-sidebar.php","meta":{"footnotes":""},"class_list":["post-11","page","type-page","status-publish","hentry"],"_links":{"self":[{"href":"https:\/\/komornikstargard.org\/index.php?rest_route=\/wp\/v2\/pages\/11","targetHints":{"allow":["GET"]}}],"collection":[{"href":"https:\/\/komornikstargard.org\/index.php?rest_route=\/wp\/v2\/pages"}],"about":[{"href":"https:\/\/komornikstargard.org\/index.php?rest_route=\/wp\/v2\/types\/page"}],"author":[{"embeddable":true,"href":"https:\/\/komornikstargard.org\/index.php?rest_route=\/wp\/v2\/users\/2"}],"replies":[{"embeddable":true,"href":"https:\/\/komornikstargard.org\/index.php?rest_route=%2Fwp%2Fv2%2Fcomments&post=11"}],"version-history":[{"count":17,"href":"https:\/\/komornikstargard.org\/index.php?rest_route=\/wp\/v2\/pages\/11\/revisions"}],"predecessor-version":[{"id":1578,"href":"https:\/\/komornikstargard.org\/index.php?rest_route=\/wp\/v2\/pages\/11\/revisions\/1578"}],"wp:attachment":[{"href":"https:\/\/komornikstargard.org\/index.php?rest_route=%2Fwp%2Fv2%2Fmedia&parent=11"}],"curies":[{"name":"wp","href":"https:\/\/api.w.org\/{rel}","templated":true}]}}